{"id":1289,"date":"2022-11-13T11:25:53","date_gmt":"2022-11-13T11:25:53","guid":{"rendered":"https:\/\/justachange.pt\/privacy-policy\/"},"modified":"2024-05-14T11:07:16","modified_gmt":"2024-05-14T11:07:16","slug":"privacy-policy","status":"publish","type":"page","link":"https:\/\/justachange.pt\/en\/privacy-policy\/","title":{"rendered":"Privacy Policy"},"content":{"rendered":"<p>[vc_row full_width=&#8221;stretch_row_content_no_spaces&#8221; equal_height=&#8221;yes&#8221; content_placement=&#8221;middle&#8221; css=&#8221;.vc_custom_1668966479285{background-color: #3e4f6b !important;background-position: center !important;background-repeat: no-repeat !important;background-size: cover !important;}&#8221; el_class=&#8221;pag-apoiar&#8221;][vc_column][vc_row_inner equal_height=&#8221;yes&#8221; content_placement=&#8221;middle&#8221; css=&#8221;.vc_custom_1668966656123{margin-top: 200px !important;margin-bottom: 50px !important;}&#8221;][vc_column_inner][vc_custom_heading text=&#8221;Privacy Policy&#8221; font_container=&#8221;tag:h1|text_align:center|color:%23fdbd4a&#8221; use_theme_fonts=&#8221;yes&#8221; el_class=&#8221;h1-tema&#8221; css=&#8221;.vc_custom_1668966529531{margin-bottom: 40px !important;}&#8221;][vc_column_text css=&#8221;.vc_custom_1715617326745{background-color: #ffbe4b !important;}&#8221; el_class=&#8221;cx-amarela&#8221;]<\/p>\n<p style=\"text-align: left;\"><span style=\"color: #333333;\">This document is dated January 1, 2019.<\/span><br \/>\n<span style=\"color: #333333;\">Associa\u00e7\u00e3o Just a Change, legal person with number 508583148, headquartered at Rua da Ind\u00fastria n\u00ba85, 1\u00baDto, 1300-304 Lisbon, Portugal, (hereinafter \u201cJaC\u201d) protects the privacy of users of its website www.justachange.pt( hereinafter \u201cWebsite\u201d) very seriously. This document (hereinafter \u201cPrivacy Policy\u201d), defines the terms under which JaC treats your personal data collected through the Website and also informs you about the measures adopted regarding data security.<\/span><br \/>\n<span style=\"color: #333333;\">If you do not agree with what is established in this privacy policy, please do not use the Website. The website is a relevant tool for JaC to carry out its work, as it allows it to disseminate information about the campaigns it organizes among the general public, issue press releases and mobilize its employees, among other actions.<\/span><br \/>\n<span style=\"color: #333333;\">The provision of personal data through the Website assumes knowledge of this Privacy Policy. Users under the age of 18, who have not been given prior authorization for this purpose by their parents or guardians, must refrain from sending personal data through the Website.<\/span><br \/>\n<span style=\"color: #333333;\">JaC assumes that the user is able to provide the data collected through the Website and that these are current, true and accurate.<\/span><\/p>\n<p>&nbsp;<\/p>\n<p><span style=\"color: #333333;\"><b>responsible for the treatment<\/b><\/span><br \/>\n<span style=\"color: #333333;\">JaC is responsible for the management and contents of the Website, whose domain is held by the Just a Change Association, and for processing the personal data of Website users collected through it.<\/span><br \/>\n<span style=\"color: #333333;\">Within the scope of this privacy policy, if JaC resorts to the services of third parties (subcontractors), who act in the name and on behalf of JaC, these entities will also be obliged to put into practice the applicable technical and organizational security measures whenever process personal data within the meaning of Law No. 67\/98, of October 26, (hereinafter \u201cPersonal Data Protection Law\u201d).<\/span><\/p>\n<p>&nbsp;<\/p>\n<p><span style=\"color: #333333;\"><b>Processed data, its use and purposes of its treatment<\/b><\/span><br \/>\n<span style=\"color: #333333;\">In the context of the use of the Website by the user and participation in events, JaC may process the following categories of data, for the purposes indicated below:<\/span><\/p>\n<p><span style=\"color: #333333;\"><u>Data collected from forms available on the Website<\/u><\/span><br \/>\n<span style=\"color: #333333;\">The filling in of forms by the user on the Website (for example, to subscribe to campaigns, sign up for volunteering projects, subscribe to JaC information, manage and send an anonymous satisfaction questionnaire about events, promote future actions and statistical treatment) implies the collection of personal data requested within the scope of the form. However, JaC also allows the user to provide data by telephone, fax or email.<\/span><br \/>\n<span style=\"color: #333333;\">Subscribing to JaC&#8217;s information and filling in certain forms imply that JaC will send informative messages to the email account provided by the user. Occasionally these messages may request the provision of certain information that allow JaC to know the general characteristics of its collaborators. Users have at all times the right to unsubscribe information from the JaC, campaign or program they have subscribed to.<\/span><\/p>\n<p><span style=\"color: #333333;\"><u>Data collected for the management of donations and legacies<\/u><\/span><br \/>\n<span style=\"color: #333333;\">Personal data, mandatory or optional, collected in connection with making donations to JaC, by direct debit, bank transfer, credit card, paypal or MBWay will be used by the latter in order to manage the economic contributions of each user, to establish future contacts with the donor or bequeather and to send him\/her periodic information regarding the activities of the JaC.<\/span><\/p>\n<p><span style=\"color: #333333;\"><u>Data collected through the purchase of products in the JaC online store<\/u><\/span><br \/>\n<span style=\"color: #333333;\">JaC will use the data it collects through its online store available on the Website to proceed with the purchase and sale of the product(s), to issue the order and the corresponding invoice associated with each purchase. JaC will use the data it collects through its online store available on the Website to proceed with the purchase and sale of the product(s), to issue the order and the corresponding invoice associated with each purchase.<\/span><\/p>\n<p><span style=\"color: #333333;\"><u>Image and Voice Treatment in JaC Projects and Events<\/u><\/span><br \/>\n<span style=\"color: #333333;\">For all legal purposes, without any territorial limitation, JaC informs that it collects and uses the name, function, image and\/or voice and personal testimonies, under the terms in which they are captured in photographs, filming and\/or other materials of communication that are produced by JaC or by third parties contracted by it for this purpose.<\/span><br \/>\n<span style=\"color: #333333;\">The name, function, image and\/or voice and personal testimonies may be subject to treatment for institutional or commercial communication purposes, namely through materials intended for internal or external, institutional or commercial communication actions ( including \u201cmarketing\u201d), used individually or together with other images and\/or voices, and regardless of the type of support, including internet and intranet, provided that such use is related to the activity of JaC. The communication materials produced under the terms indicated above will also be treated for the purpose of recording and historical archiving.<\/span><\/p>\n<p><span style=\"color: #333333;\"><u>Request processing<\/u><\/span><br \/>\n<span style=\"color: #333333;\">JaC processes personal data relating to the user in order to process requests made by the user within the framework of the law and the contract entered into with JaC, including in particular:<\/span><br \/>\n<span style=\"color: #333333;\">\u00b7 Clarification of questions raised by the user;<\/span><br \/>\n<span style=\"color: #333333;\">\u00b7 Providing information or other clarifications in the normal course of enrollments or memberships (in accordance with applicable enrollment\/affiliation agreements);<\/span><br \/>\n<span style=\"color: #333333;\">\u00b7 Technical support for any other operation carried out through the Website;<\/span><br \/>\n<span style=\"color: #333333;\">\u00b7 Processing your requests for updating and rectifying Personal Data;<\/span><br \/>\n<span style=\"color: #333333;\">\u00b7 Handling complaints and resolving disputes with users.<\/span><\/p>\n<p>&nbsp;<\/p>\n<p><span style=\"color: #333333;\"><b>Usage statistics<\/b><\/span><br \/>\n<span style=\"color: #333333;\">Your personal data may also be used by JaC, in an aggregated and anonymized form, for statistical purposes and for monitoring trends and defining patterns of use of the Website, with a view to constantly improving its performance.<\/span><\/p>\n<p>&nbsp;<\/p>\n<p><span style=\"color: #333333;\"><b>With whom your personal data is shared<\/b><\/span><br \/>\n<span style=\"color: #333333;\">Within the framework of its powers, JaC needs to share personal data relating to the user with third parties, whereby the user acknowledges and consents to this sharing. In this context, JaC may transmit personal data:<\/span><br \/>\n<span style=\"color: #333333;\">\u00b7 Governments, companies or any other organizations that are the target of the campaigns to which the user has subscribed;<\/span><br \/>\n<span style=\"color: #333333;\">\u00b7 To administrative or judicial authorities, namely when the JaC is obliged to do so by law or by any judicial or administrative order, provided that it is issued by a competent body;<\/span><br \/>\n<span style=\"color: #333333;\">\u00b7 To third parties subcontracted by JaC, if it deems it reasonable in order to investigate, prevent or take action against illegal or improper activities, suspected fraud, or potential threats to JaC, to users of the Website, or violations or suspected violations of the Terms of Use;<\/span><br \/>\n<span style=\"color: #333333;\">\u00b7 To third parties subcontracted by JaCque to ensure the production of content, management of volunteering events, development, maintenance and hosting of computer systems, ensuring that technical and organizational measures are applied, appropriate to the processing activity by the partners. In this context, they may transfer the data to entities located in third countries (outside the European Union), being assured that the appropriate security measures will be taken and in accordance with the legislation in force.<\/span><\/p>\n<p><span style=\"color: #333333;\"><b>Right of Access, Rectification and Updating of Data<\/b><\/span><br \/>\n<span style=\"color: #333333;\">Under the terms of the law, JaC guarantees you, at all times, the right to access, rectify, update and delete the respective personal data, and may also object to its processing for direct marketing purposes, in all cases, upon written request addressed to the JaC (responsible for the treatment), to the following address: geral@justachange.pt.<\/span><br \/>\n<span style=\"color: #333333;\">The possibility of withdrawing the consent given does not invalidate the processing of data carried out until the moment this request is submitted.<\/span><\/p>\n<p>&nbsp;<\/p>\n<p><span style=\"color: #333333;\"><b>Cookies<\/b><\/span><br \/>\n<span style=\"color: #333333;\">JaC uses cookies on this website. A cookie is a small text file that identifies your computer on the JaC server. Cookies themselves do not identify the individual user, only the computer used. Cookies are not used to analyze user activities, but allow JaC to use the information collected through cookies to improve the Website and store certain preferences of individual Website users.<\/span><br \/>\n<span style=\"color: #333333;\">Web browsers allow you to exercise some control over cookies through browser settings. The user has, at any time, the possibility of configuring his computer to accept all cookies, to notify him when a cookie is issued or to not receive certain or any cookies. How you do this depends on the browser (web browser) you use. For more information please consult your browser&#8217;s &#8220;Help&#8221; function or visit www.allaboutcookies.org. If you accept cookies, they can remain on your computer for many years unless you delete them. You should also note that turning off cookies may mean that any opt-outs or preferences defined on the Website will be lost, as well as may result in a limitation of the use or efficiency of websites.<\/span><br \/>\n<span style=\"color: #333333;\">The use of cookies by this website will always require your prior consent.<\/span><\/p>\n<p>&nbsp;<\/p>\n<p><span style=\"color: #333333;\"><b>Security of personal data<\/b><\/span><br \/>\n<span style=\"color: #333333;\">The collected data is archived in an automated and confidential file. JaC has procedures of a technical and organizational nature with the aim of preventing security breaches and undue access to personal data, the respective destruction or illicit use, as well as ensuring that it employs any other security measures required by the Data Protection Law.<\/span><br \/>\n<span style=\"color: #333333;\">Despite all efforts, however, it is not possible for JaC to guarantee the full and absolute inviolability of the information received, taking into account the insecure nature of open networks such as the Internet.<\/span><\/p>\n<p>&nbsp;<\/p>\n<p><span style=\"color: #333333;\"><b>Changes<\/b><\/span><br \/>\n<span style=\"color: #333333;\">JaC reserves the right to modify, at any time and without prior notice, this Privacy Policy, so we advise you to consult it regularly.<\/span>[\/vc_column_text][\/vc_column_inner][\/vc_row_inner][\/vc_column][\/vc_row]<\/p>\n","protected":false},"excerpt":{"rendered":"<p>[vc_row full_width=&#8221;stretch_row_content_no_spaces&#8221; equal_height=&#8221;yes&#8221; content_placement=&#8221;middle&#8221; css=&#8221;.vc_custom_1668966479285{background-color: #3e4f6b !important;background-position: center !important;background-repeat: no-repeat !important;background-size: cover !important;}&#8221; el_class=&#8221;pag-apoiar&#8221;][vc_column][vc_row_inner equal_height=&#8221;yes&#8221; content_placement=&#8221;middle&#8221; css=&#8221;.vc_custom_1668966656123{margin-top: 200px !important;margin-bottom: 50px !important;}&#8221;][vc_column_inner][vc_custom_heading text=&#8221;Privacy Policy&#8221; font_container=&#8221;tag:h1|text_align:center|color:%23fdbd4a&#8221; use_theme_fonts=&#8221;yes&#8221; el_class=&#8221;h1-tema&#8221; css=&#8221;.vc_custom_1668966529531{margin-bottom: 40px !important;}&#8221;][vc_column_text css=&#8221;.vc_custom_1715617326745{background-color: #ffbe4b !important;}&#8221; el_class=&#8221;cx-amarela&#8221;] This document is dated January 1, 2019. Associa\u00e7\u00e3o Just a Change, legal person with number 508583148, headquartered at Rua da Ind\u00fastria n\u00ba85, [&hellip;]<\/p>\n<p class=\"read-more\"><a class=\"button\" href=\"https:\/\/justachange.pt\/en\/privacy-policy\/\">Read More<\/a><\/p>\n","protected":false},"author":1,"featured_media":0,"parent":0,"menu_order":0,"comment_status":"closed","ping_status":"open","template":"","meta":{"_monsterinsights_skip_tracking":false,"_monsterinsights_sitenote_active":false,"_monsterinsights_sitenote_note":"","_monsterinsights_sitenote_category":0,"footnotes":""},"class_list":["post-1289","page","type-page","status-publish","hentry"],"yoast_head":"<!-- This site is optimized with the Yoast SEO plugin v27.1.1 - https:\/\/yoast.com\/product\/yoast-seo-wordpress\/ -->\n<title>Privacy Policy - Just a Change<\/title>\n<meta name=\"robots\" content=\"index, follow, max-snippet:-1, max-image-preview:large, max-video-preview:-1\" \/>\n<link rel=\"canonical\" href=\"https:\/\/justachange.pt\/en\/privacy-policy\/\" \/>\n<meta property=\"og:locale\" content=\"en_US\" \/>\n<meta property=\"og:type\" content=\"article\" \/>\n<meta property=\"og:title\" content=\"Privacy Policy - Just a Change\" \/>\n<meta property=\"og:description\" content=\"[vc_row full_width=&#8221;stretch_row_content_no_spaces&#8221; equal_height=&#8221;yes&#8221; content_placement=&#8221;middle&#8221; css=&#8221;.vc_custom_1668966479285{background-color: #3e4f6b !important;background-position: center !important;background-repeat: no-repeat !important;background-size: cover !important;}&#8221; el_class=&#8221;pag-apoiar&#8221;][vc_column][vc_row_inner equal_height=&#8221;yes&#8221; content_placement=&#8221;middle&#8221; css=&#8221;.vc_custom_1668966656123{margin-top: 200px !important;margin-bottom: 50px !important;}&#8221;][vc_column_inner][vc_custom_heading text=&#8221;Privacy Policy&#8221; font_container=&#8221;tag:h1|text_align:center|color:%23fdbd4a&#8221; use_theme_fonts=&#8221;yes&#8221; el_class=&#8221;h1-tema&#8221; css=&#8221;.vc_custom_1668966529531{margin-bottom: 40px !important;}&#8221;][vc_column_text css=&#8221;.vc_custom_1715617326745{background-color: #ffbe4b !important;}&#8221; el_class=&#8221;cx-amarela&#8221;] This document is dated January 1, 2019. Associa\u00e7\u00e3o Just a Change, legal person with number 508583148, headquartered at Rua da Ind\u00fastria n\u00ba85, [&hellip;]Read More\" \/>\n<meta property=\"og:url\" content=\"https:\/\/justachange.pt\/en\/privacy-policy\/\" \/>\n<meta property=\"og:site_name\" content=\"Just a Change\" \/>\n<meta property=\"article:modified_time\" content=\"2024-05-14T11:07:16+00:00\" \/>\n<meta name=\"twitter:card\" content=\"summary_large_image\" \/>\n<meta name=\"twitter:label1\" content=\"Est. reading time\" \/>\n\t<meta name=\"twitter:data1\" content=\"8 minutes\" \/>\n<script type=\"application\/ld+json\" class=\"yoast-schema-graph\">{\"@context\":\"https:\/\/schema.org\",\"@graph\":[{\"@type\":\"WebPage\",\"@id\":\"https:\/\/justachange.pt\/en\/privacy-policy\/\",\"url\":\"https:\/\/justachange.pt\/en\/privacy-policy\/\",\"name\":\"Privacy Policy - Just a Change\",\"isPartOf\":{\"@id\":\"https:\/\/justachange.pt\/#website\"},\"datePublished\":\"2022-11-13T11:25:53+00:00\",\"dateModified\":\"2024-05-14T11:07:16+00:00\",\"inLanguage\":\"en-US\",\"potentialAction\":[{\"@type\":\"ReadAction\",\"target\":[\"https:\/\/justachange.pt\/en\/privacy-policy\/\"]}]},{\"@type\":\"WebSite\",\"@id\":\"https:\/\/justachange.pt\/#website\",\"url\":\"https:\/\/justachange.pt\/\",\"name\":\"Just a Change\",\"description\":\"\",\"publisher\":{\"@id\":\"https:\/\/justachange.pt\/#organization\"},\"potentialAction\":[{\"@type\":\"SearchAction\",\"target\":{\"@type\":\"EntryPoint\",\"urlTemplate\":\"https:\/\/justachange.pt\/?s={search_term_string}\"},\"query-input\":{\"@type\":\"PropertyValueSpecification\",\"valueRequired\":true,\"valueName\":\"search_term_string\"}}],\"inLanguage\":\"en-US\"},{\"@type\":\"Organization\",\"@id\":\"https:\/\/justachange.pt\/#organization\",\"name\":\"Just a Change\",\"url\":\"https:\/\/justachange.pt\/\",\"logo\":{\"@type\":\"ImageObject\",\"inLanguage\":\"en-US\",\"@id\":\"https:\/\/justachange.pt\/#\/schema\/logo\/image\/\",\"url\":\"https:\/\/justachange.pt\/wp-content\/uploads\/2024\/08\/cropped-cropped-fundo_escuro-1-1.png\",\"contentUrl\":\"https:\/\/justachange.pt\/wp-content\/uploads\/2024\/08\/cropped-cropped-fundo_escuro-1-1.png\",\"width\":500,\"height\":315,\"caption\":\"Just a Change\"},\"image\":{\"@id\":\"https:\/\/justachange.pt\/#\/schema\/logo\/image\/\"}}]}<\/script>\n<!-- \/ Yoast SEO plugin. -->","yoast_head_json":{"title":"Privacy Policy - Just a Change","robots":{"index":"index","follow":"follow","max-snippet":"max-snippet:-1","max-image-preview":"max-image-preview:large","max-video-preview":"max-video-preview:-1"},"canonical":"https:\/\/justachange.pt\/en\/privacy-policy\/","og_locale":"en_US","og_type":"article","og_title":"Privacy Policy - Just a Change","og_description":"[vc_row full_width=&#8221;stretch_row_content_no_spaces&#8221; equal_height=&#8221;yes&#8221; content_placement=&#8221;middle&#8221; css=&#8221;.vc_custom_1668966479285{background-color: #3e4f6b !important;background-position: center !important;background-repeat: no-repeat !important;background-size: cover !important;}&#8221; el_class=&#8221;pag-apoiar&#8221;][vc_column][vc_row_inner equal_height=&#8221;yes&#8221; content_placement=&#8221;middle&#8221; css=&#8221;.vc_custom_1668966656123{margin-top: 200px !important;margin-bottom: 50px !important;}&#8221;][vc_column_inner][vc_custom_heading text=&#8221;Privacy Policy&#8221; font_container=&#8221;tag:h1|text_align:center|color:%23fdbd4a&#8221; use_theme_fonts=&#8221;yes&#8221; el_class=&#8221;h1-tema&#8221; css=&#8221;.vc_custom_1668966529531{margin-bottom: 40px !important;}&#8221;][vc_column_text css=&#8221;.vc_custom_1715617326745{background-color: #ffbe4b !important;}&#8221; el_class=&#8221;cx-amarela&#8221;] This document is dated January 1, 2019. Associa\u00e7\u00e3o Just a Change, legal person with number 508583148, headquartered at Rua da Ind\u00fastria n\u00ba85, [&hellip;]Read More","og_url":"https:\/\/justachange.pt\/en\/privacy-policy\/","og_site_name":"Just a Change","article_modified_time":"2024-05-14T11:07:16+00:00","twitter_card":"summary_large_image","twitter_misc":{"Est. reading time":"8 minutes"},"schema":{"@context":"https:\/\/schema.org","@graph":[{"@type":"WebPage","@id":"https:\/\/justachange.pt\/en\/privacy-policy\/","url":"https:\/\/justachange.pt\/en\/privacy-policy\/","name":"Privacy Policy - Just a Change","isPartOf":{"@id":"https:\/\/justachange.pt\/#website"},"datePublished":"2022-11-13T11:25:53+00:00","dateModified":"2024-05-14T11:07:16+00:00","inLanguage":"en-US","potentialAction":[{"@type":"ReadAction","target":["https:\/\/justachange.pt\/en\/privacy-policy\/"]}]},{"@type":"WebSite","@id":"https:\/\/justachange.pt\/#website","url":"https:\/\/justachange.pt\/","name":"Just a Change","description":"","publisher":{"@id":"https:\/\/justachange.pt\/#organization"},"potentialAction":[{"@type":"SearchAction","target":{"@type":"EntryPoint","urlTemplate":"https:\/\/justachange.pt\/?s={search_term_string}"},"query-input":{"@type":"PropertyValueSpecification","valueRequired":true,"valueName":"search_term_string"}}],"inLanguage":"en-US"},{"@type":"Organization","@id":"https:\/\/justachange.pt\/#organization","name":"Just a Change","url":"https:\/\/justachange.pt\/","logo":{"@type":"ImageObject","inLanguage":"en-US","@id":"https:\/\/justachange.pt\/#\/schema\/logo\/image\/","url":"https:\/\/justachange.pt\/wp-content\/uploads\/2024\/08\/cropped-cropped-fundo_escuro-1-1.png","contentUrl":"https:\/\/justachange.pt\/wp-content\/uploads\/2024\/08\/cropped-cropped-fundo_escuro-1-1.png","width":500,"height":315,"caption":"Just a Change"},"image":{"@id":"https:\/\/justachange.pt\/#\/schema\/logo\/image\/"}}]}},"_links":{"self":[{"href":"https:\/\/justachange.pt\/en\/wp-json\/wp\/v2\/pages\/1289","targetHints":{"allow":["GET"]}}],"collection":[{"href":"https:\/\/justachange.pt\/en\/wp-json\/wp\/v2\/pages"}],"about":[{"href":"https:\/\/justachange.pt\/en\/wp-json\/wp\/v2\/types\/page"}],"author":[{"embeddable":true,"href":"https:\/\/justachange.pt\/en\/wp-json\/wp\/v2\/users\/1"}],"replies":[{"embeddable":true,"href":"https:\/\/justachange.pt\/en\/wp-json\/wp\/v2\/comments?post=1289"}],"version-history":[{"count":0,"href":"https:\/\/justachange.pt\/en\/wp-json\/wp\/v2\/pages\/1289\/revisions"}],"wp:attachment":[{"href":"https:\/\/justachange.pt\/en\/wp-json\/wp\/v2\/media?parent=1289"}],"curies":[{"name":"wp","href":"https:\/\/api.w.org\/{rel}","templated":true}]}}